{"id":47,"date":"2021-12-01T16:17:05","date_gmt":"2021-12-01T19:17:05","guid":{"rendered":"http:\/\/pesquisa.ifg.edu.br\/astrobiologiatemainterdisciplinar\/?page_id=47"},"modified":"2021-12-09T12:54:01","modified_gmt":"2021-12-09T15:54:01","slug":"home","status":"publish","type":"page","link":"https:\/\/pesquisa.ifg.edu.br\/astrobiologiatemainterdisciplinar\/","title":{"rendered":"Home"},"content":{"rendered":"<p class=\"\">Sejam bem-vindos ao site do projeto <strong>Astrobiologia como um tema motivador interdisciplinar<\/strong>!<br \/>\nO site \u00e9 resultado da pesquisa de PIBIC realizada por Geovana Miranda, sob orienta\u00e7\u00e3o de Daniel Ordine, e tem o objetivo de\u00a0apresentar sugest\u00f5es para que professores possam inserir t\u00f3picos de astrobiologia como motivadores aos conte\u00fados disciplinares. O nosso foco foi o curso de biotecnologia do IFG c\u00e2mpus Formosa, mas as sugest\u00f5es aqui podem ser naturalmente expandidas para outros cursos e n\u00edveis.<\/p>\n<p class=\"\">\n<p>Ent\u00e3o vamos come\u00e7ar? Primeiro, voc\u00ea j\u00e1 sabe o que \u00e9 a Astrobiologia? Recomendamos, para um primeiro contato com o tema, os <a href=\"http:\/\/pesquisa.ifg.edu.br\/astrobiologiatemainterdisciplinar\/videos\/\">v\u00eddeos <\/a>que tamb\u00e9m foram produzidos durante o projeto.<\/p>\n<p class=\"\">\n<p>Se voc\u00ea j\u00e1 tem uma ideia do que \u00e9, a pr\u00f3xima pergunta naturalmente pode ser &#8220;<a href=\"http:\/\/pesquisa.ifg.edu.br\/astrobiologiatemainterdisciplinar\/por-que-incluir\/\">Por que queremos incluir esse tema no Ensino M\u00e9dio?<\/a>&#8221;<\/p>\n<h2>&#8220;Me convenceram. Onde entro?&#8221;<\/h2>\n<p class=\"\">Em nossa pesquisa de PIBIC-EM buscamos elaborar para voc\u00ea, amiga professora ou professor, ideias e sugest\u00f5es para incluir subtemas relacionados \u00e0 Astrobiologia em suas disciplinas. Talvez voc\u00ea tenha inclusive nos ajudado nessa elabora\u00e7\u00e3o (e agradecemos novamente!). E voc\u00ea pode continuar ajudando! Se tiver alguma outra ideia, mande um email para daniel.ordine@ifg.edu.br para enriquecer essa lista!<\/p>\n<p class=\"\"> As propostas apresentadas aqui visam uma abordagem multidisciplinar, isto \u00e9, um \u00fanico tema \u00e9 abordado separadamente usando os conhecimentos t\u00e9cnicos de cada disciplina. Encorajamos, por\u00e9m, para enriquecer a experi\u00eancia, montar grupos interdisciplinares para trabalhar algum projeto relacionado ao tema. Que tal juntar professores de f\u00edsica, qu\u00edmica, biologia e geografia para trabalhar com seus alunos projetos de terraforma\u00e7\u00e3o de Marte ou algum outro planeta extrassolar? Ou quem sabe juntar professores de sociologia, filosofia e hist\u00f3ria para um exerc\u00edcio sobre o que aconteceria se em algum momento da hist\u00f3ria humana tiv\u00e9ssemos sido visitados por uma esp\u00e9cie alien\u00edgena inteligente? Ou quem sabe ainda juntar filosofia com biologia para discutir as implica\u00e7\u00f5es \u00e9ticas de explorar ou experimentar com seres vivos que encontrarmos em outros planetas? Aqui a imagina\u00e7\u00e3o n\u00e3o tem limites. Fez alguma experi\u00eancia nesse sentido que funcionou? Conte pra gente aqui!<\/p>\n","protected":false},"excerpt":{"rendered":"<p>Sejam bem-vindos ao site do projeto Astrobiologia como um tema motivador interdisciplinar! O site \u00e9 resultado da pesquisa de PIBIC realizada por Geovana Miranda, sob orienta\u00e7\u00e3o de Daniel Ordine, e tem o objetivo de\u00a0apresentar sugest\u00f5es para que professores possam inserir t\u00f3picos de astrobiologia como motivadores aos conte\u00fados disciplinares. O nosso foco foi o curso de [&hellip;]<\/p>\n","protected":false},"author":56,"featured_media":0,"parent":0,"menu_order":0,"comment_status":"closed","ping_status":"closed","template":"","meta":{"_monsterinsights_skip_tracking":false,"_monsterinsights_sitenote_active":false,"_monsterinsights_sitenote_note":"","_monsterinsights_sitenote_category":0,"footnotes":""},"class_list":["post-47","page","type-page","status-publish","hentry"],"_links":{"self":[{"href":"https:\/\/pesquisa.ifg.edu.br\/astrobiologiatemainterdisciplinar\/wp-json\/wp\/v2\/pages\/47"}],"collection":[{"href":"https:\/\/pesquisa.ifg.edu.br\/astrobiologiatemainterdisciplinar\/wp-json\/wp\/v2\/pages"}],"about":[{"href":"https:\/\/pesquisa.ifg.edu.br\/astrobiologiatemainterdisciplinar\/wp-json\/wp\/v2\/types\/page"}],"author":[{"embeddable":true,"href":"https:\/\/pesquisa.ifg.edu.br\/astrobiologiatemainterdisciplinar\/wp-json\/wp\/v2\/users\/56"}],"replies":[{"embeddable":true,"href":"https:\/\/pesquisa.ifg.edu.br\/astrobiologiatemainterdisciplinar\/wp-json\/wp\/v2\/comments?post=47"}],"version-history":[{"count":11,"href":"https:\/\/pesquisa.ifg.edu.br\/astrobiologiatemainterdisciplinar\/wp-json\/wp\/v2\/pages\/47\/revisions"}],"predecessor-version":[{"id":179,"href":"https:\/\/pesquisa.ifg.edu.br\/astrobiologiatemainterdisciplinar\/wp-json\/wp\/v2\/pages\/47\/revisions\/179"}],"wp:attachment":[{"href":"https:\/\/pesquisa.ifg.edu.br\/astrobiologiatemainterdisciplinar\/wp-json\/wp\/v2\/media?parent=47"}],"curies":[{"name":"wp","href":"https:\/\/api.w.org\/{rel}","templated":true}]}}