{"id":30,"date":"2021-11-11T11:28:53","date_gmt":"2021-11-11T14:28:53","guid":{"rendered":"http:\/\/pesquisa.ifg.edu.br\/astrobiologiatemainterdisciplinar\/?page_id=30"},"modified":"2021-12-01T16:22:26","modified_gmt":"2021-12-01T19:22:26","slug":"videos","status":"publish","type":"page","link":"https:\/\/pesquisa.ifg.edu.br\/astrobiologiatemainterdisciplinar\/videos\/","title":{"rendered":"V\u00eddeos"},"content":{"rendered":"<p>Ao longo do projeto criamos v\u00eddeos para explicar as ideias b\u00e1sicas da Astrobiologia e algumas possibilidades de conex\u00e3o com o curso.<br \/>\n<br \/>\n<a href=\"https:\/\/www.youtube.com\/watch?v=nzWag94UXUw\"><img decoding=\"async\" class=\"alignnone size-full wp-image-51\" src=\"http:\/\/pesquisa.ifg.edu.br\/astrobiologiatemainterdisciplinar\/wp-content\/uploads\/sites\/19\/2021\/11\/ep1.jpg\" alt=\"Epis\u00f3dio 1\" width=\"300\" \/><\/a>\u00a0\u00a0<a href=\"https:\/\/www.youtube.com\/watch?v=AjftVg6gZL0\"><img decoding=\"async\" class=\"alignnone size-medium wp-image-52\" src=\"http:\/\/pesquisa.ifg.edu.br\/astrobiologiatemainterdisciplinar\/wp-content\/uploads\/sites\/19\/2021\/11\/ep2.jpg\" alt=\"Epis\u00f3dio 2\" width=\"300\" \/><\/a><\/p>\n","protected":false},"excerpt":{"rendered":"<p>Ao longo do projeto criamos v\u00eddeos para explicar as ideias b\u00e1sicas da Astrobiologia e algumas possibilidades de conex\u00e3o com o curso. \u00a0\u00a0<\/p>\n","protected":false},"author":56,"featured_media":49,"parent":0,"menu_order":0,"comment_status":"closed","ping_status":"closed","template":"","meta":{"_monsterinsights_skip_tracking":false,"_monsterinsights_sitenote_active":false,"_monsterinsights_sitenote_note":"","_monsterinsights_sitenote_category":0,"footnotes":""},"class_list":["post-30","page","type-page","status-publish","has-post-thumbnail","hentry"],"_links":{"self":[{"href":"https:\/\/pesquisa.ifg.edu.br\/astrobiologiatemainterdisciplinar\/wp-json\/wp\/v2\/pages\/30"}],"collection":[{"href":"https:\/\/pesquisa.ifg.edu.br\/astrobiologiatemainterdisciplinar\/wp-json\/wp\/v2\/pages"}],"about":[{"href":"https:\/\/pesquisa.ifg.edu.br\/astrobiologiatemainterdisciplinar\/wp-json\/wp\/v2\/types\/page"}],"author":[{"embeddable":true,"href":"https:\/\/pesquisa.ifg.edu.br\/astrobiologiatemainterdisciplinar\/wp-json\/wp\/v2\/users\/56"}],"replies":[{"embeddable":true,"href":"https:\/\/pesquisa.ifg.edu.br\/astrobiologiatemainterdisciplinar\/wp-json\/wp\/v2\/comments?post=30"}],"version-history":[{"count":12,"href":"https:\/\/pesquisa.ifg.edu.br\/astrobiologiatemainterdisciplinar\/wp-json\/wp\/v2\/pages\/30\/revisions"}],"predecessor-version":[{"id":59,"href":"https:\/\/pesquisa.ifg.edu.br\/astrobiologiatemainterdisciplinar\/wp-json\/wp\/v2\/pages\/30\/revisions\/59"}],"wp:featuredmedia":[{"embeddable":true,"href":"https:\/\/pesquisa.ifg.edu.br\/astrobiologiatemainterdisciplinar\/wp-json\/wp\/v2\/media\/49"}],"wp:attachment":[{"href":"https:\/\/pesquisa.ifg.edu.br\/astrobiologiatemainterdisciplinar\/wp-json\/wp\/v2\/media?parent=30"}],"curies":[{"name":"wp","href":"https:\/\/api.w.org\/{rel}","templated":true}]}}