{"id":256,"date":"2022-04-15T10:13:23","date_gmt":"2022-04-15T13:13:23","guid":{"rendered":"http:\/\/pesquisa.ifg.edu.br\/astrobiologiatemainterdisciplinar\/?page_id=256"},"modified":"2022-05-25T18:26:56","modified_gmt":"2022-05-25T21:26:56","slug":"tecnologia-de-fermentacoes","status":"publish","type":"page","link":"https:\/\/pesquisa.ifg.edu.br\/astrobiologiatemainterdisciplinar\/disciplinas\/tecnologia-de-fermentacoes\/","title":{"rendered":"Tecnologia de Fermenta\u00e7\u00f5es"},"content":{"rendered":"<p>Pode ser explorada a quest\u00e3o da zona de habitabilidade ao falar das condi\u00e7\u00f5es ideias para os processos de fermenta\u00e7\u00e3o e conversar sobre a vida se adaptar ao meio e n\u00e3o necessariamente procurar por um meio prop\u00edcio para se desenvolver.  Pode-se aprofundar nos temas ph, salinidade e oxigena\u00e7\u00e3o e comentar sobre as quest\u00f5es de competi\u00e7\u00e3o entre microrganismos.<br \/>\n[em constru\u00e7\u00e3o]<\/p>\n","protected":false},"excerpt":{"rendered":"<p>Pode ser explorada a quest\u00e3o da zona de habitabilidade ao falar das condi\u00e7\u00f5es ideias para os processos de fermenta\u00e7\u00e3o e conversar sobre a vida se adaptar ao meio e n\u00e3o necessariamente procurar por um meio prop\u00edcio para se desenvolver. Pode-se aprofundar nos temas ph, salinidade e oxigena\u00e7\u00e3o e comentar sobre as quest\u00f5es de competi\u00e7\u00e3o entre [&hellip;]<\/p>\n","protected":false},"author":56,"featured_media":0,"parent":65,"menu_order":0,"comment_status":"closed","ping_status":"closed","template":"","meta":{"_monsterinsights_skip_tracking":false,"_monsterinsights_sitenote_active":false,"_monsterinsights_sitenote_note":"","_monsterinsights_sitenote_category":0,"footnotes":""},"class_list":["post-256","page","type-page","status-publish","hentry"],"_links":{"self":[{"href":"https:\/\/pesquisa.ifg.edu.br\/astrobiologiatemainterdisciplinar\/wp-json\/wp\/v2\/pages\/256"}],"collection":[{"href":"https:\/\/pesquisa.ifg.edu.br\/astrobiologiatemainterdisciplinar\/wp-json\/wp\/v2\/pages"}],"about":[{"href":"https:\/\/pesquisa.ifg.edu.br\/astrobiologiatemainterdisciplinar\/wp-json\/wp\/v2\/types\/page"}],"author":[{"embeddable":true,"href":"https:\/\/pesquisa.ifg.edu.br\/astrobiologiatemainterdisciplinar\/wp-json\/wp\/v2\/users\/56"}],"replies":[{"embeddable":true,"href":"https:\/\/pesquisa.ifg.edu.br\/astrobiologiatemainterdisciplinar\/wp-json\/wp\/v2\/comments?post=256"}],"version-history":[{"count":2,"href":"https:\/\/pesquisa.ifg.edu.br\/astrobiologiatemainterdisciplinar\/wp-json\/wp\/v2\/pages\/256\/revisions"}],"predecessor-version":[{"id":310,"href":"https:\/\/pesquisa.ifg.edu.br\/astrobiologiatemainterdisciplinar\/wp-json\/wp\/v2\/pages\/256\/revisions\/310"}],"up":[{"embeddable":true,"href":"https:\/\/pesquisa.ifg.edu.br\/astrobiologiatemainterdisciplinar\/wp-json\/wp\/v2\/pages\/65"}],"wp:attachment":[{"href":"https:\/\/pesquisa.ifg.edu.br\/astrobiologiatemainterdisciplinar\/wp-json\/wp\/v2\/media?parent=256"}],"curies":[{"name":"wp","href":"https:\/\/api.w.org\/{rel}","templated":true}]}}