{"id":254,"date":"2022-04-15T10:12:40","date_gmt":"2022-04-15T13:12:40","guid":{"rendered":"http:\/\/pesquisa.ifg.edu.br\/astrobiologiatemainterdisciplinar\/?page_id=254"},"modified":"2022-04-15T10:13:47","modified_gmt":"2022-04-15T13:13:47","slug":"controle-de-qualidade","status":"publish","type":"page","link":"https:\/\/pesquisa.ifg.edu.br\/astrobiologiatemainterdisciplinar\/disciplinas\/controle-de-qualidade\/","title":{"rendered":"Controle de Qualidade"},"content":{"rendered":"<p class=\"\">Sendo o objetivo principal da disciplina de controle de qualidade, o aprendizado de como determinar a qualidade de bioprodutos atrav\u00e9s da an\u00e1lise de aspectos f\u00edsicos, qu\u00edmicos, biol\u00f3gicos e microbiol\u00f3gicos, obtendo conhecimentos sobre par\u00e2metros nacionais e internacionais. Logo a astrobiologia pode auxiliar na disciplina Controle de Qualidade oferecendo exemplos na discuss\u00e3o sobre processos de esteriliza\u00e7\u00e3o em miss\u00f5es espaciais. Um dos objetivos prim\u00e1rios da astrobiologia, ainda exobiologia na \u00e9poca, era evitar a contamina\u00e7\u00e3o cruzada e garantir a seguran\u00e7a de astronautas e seres terrestres, al\u00e9m de n\u00e3o contaminar o espa\u00e7o com vida terrestre, preocupa\u00e7\u00e3o que se tornou mais forte e evidente na atualidade, onde \u00e9 fundamental garantir que dados obtidos em miss\u00f5es para investigar a possibilidade de vida microbiana extraterrestre n\u00e3o tenha sofrido interfer\u00eancias ou contamina\u00e7\u00f5es ainda na Terra, como pode ser <a href=\"https:\/\/veja.abril.com.br\/ciencia\/estamos-contaminando-marte-diz-pesquisador\/\">lido nessa reportagem<\/a>. <\/p>\n<p class=\"\">A disciplina tamb\u00e9m fornece alicerces para o estudo e compreens\u00e3o de que par\u00e2metros f\u00edsico-qu\u00edmicos (como temperatura, viscosidade, pH) da \u00e1gua se alteram em condi\u00e7\u00f5es diferentes, como as encontradas em outros planetas. Isso poderia afetar a produ\u00e7\u00e3o de bioprodutos de organismos que nos acompanhassem (por exemplo, o que habitam nossos corpos em simbiose e auxiliam na digest\u00e3o) ou poderia afetar processos que ocorrem em nosso organismo.  <\/p>\n<p class=\"\">Dialogando tamb\u00e9m com a disciplina de <a href=\"http:\/\/pesquisa.ifg.edu.br\/astrobiologiatemainterdisciplinar\/disciplinas\/tecnologia-de-fermentacoes\/\">Tecnologia das Fermenta\u00e7\u00f5es<\/a>, \u00e9 destac\u00e1vel o fato de que as condi\u00e7\u00f5es do ambiente (como disponibilidade de nutrientes, temperatura, viscosidade do meio e pH) interferem na produ\u00e7\u00e3o de bioprodutos. Isso poderia ser uma dificuldade encontrada em uma longa miss\u00e3o espacial ou com o objetivo de coloniza\u00e7\u00e3o: microorganismos que fossem levados com o objetivo, por exemplo de produzir alimento ou aqueles que existem dentro do nosso corpo em uma rela\u00e7\u00e3o de simbiose poderiam sofrer interfer\u00eancias das condi\u00e7\u00f5es ambientais, metabolizando bioprodutos de forma diferente da usual, o que poderia interferir na sa\u00fade dos viajantes espaciais e na produ\u00e7\u00e3o de alimentos.<\/p>\n","protected":false},"excerpt":{"rendered":"<p>Sendo o objetivo principal da disciplina de controle de qualidade, o aprendizado de como determinar a qualidade de bioprodutos atrav\u00e9s da an\u00e1lise de aspectos f\u00edsicos, qu\u00edmicos, biol\u00f3gicos e microbiol\u00f3gicos, obtendo conhecimentos sobre par\u00e2metros nacionais e internacionais. Logo a astrobiologia pode auxiliar na disciplina Controle de Qualidade oferecendo exemplos na discuss\u00e3o sobre processos de esteriliza\u00e7\u00e3o em [&hellip;]<\/p>\n","protected":false},"author":56,"featured_media":0,"parent":65,"menu_order":0,"comment_status":"closed","ping_status":"closed","template":"","meta":{"_monsterinsights_skip_tracking":false,"_monsterinsights_sitenote_active":false,"_monsterinsights_sitenote_note":"","_monsterinsights_sitenote_category":0,"footnotes":""},"class_list":["post-254","page","type-page","status-publish","hentry"],"_links":{"self":[{"href":"https:\/\/pesquisa.ifg.edu.br\/astrobiologiatemainterdisciplinar\/wp-json\/wp\/v2\/pages\/254"}],"collection":[{"href":"https:\/\/pesquisa.ifg.edu.br\/astrobiologiatemainterdisciplinar\/wp-json\/wp\/v2\/pages"}],"about":[{"href":"https:\/\/pesquisa.ifg.edu.br\/astrobiologiatemainterdisciplinar\/wp-json\/wp\/v2\/types\/page"}],"author":[{"embeddable":true,"href":"https:\/\/pesquisa.ifg.edu.br\/astrobiologiatemainterdisciplinar\/wp-json\/wp\/v2\/users\/56"}],"replies":[{"embeddable":true,"href":"https:\/\/pesquisa.ifg.edu.br\/astrobiologiatemainterdisciplinar\/wp-json\/wp\/v2\/comments?post=254"}],"version-history":[{"count":2,"href":"https:\/\/pesquisa.ifg.edu.br\/astrobiologiatemainterdisciplinar\/wp-json\/wp\/v2\/pages\/254\/revisions"}],"predecessor-version":[{"id":258,"href":"https:\/\/pesquisa.ifg.edu.br\/astrobiologiatemainterdisciplinar\/wp-json\/wp\/v2\/pages\/254\/revisions\/258"}],"up":[{"embeddable":true,"href":"https:\/\/pesquisa.ifg.edu.br\/astrobiologiatemainterdisciplinar\/wp-json\/wp\/v2\/pages\/65"}],"wp:attachment":[{"href":"https:\/\/pesquisa.ifg.edu.br\/astrobiologiatemainterdisciplinar\/wp-json\/wp\/v2\/media?parent=254"}],"curies":[{"name":"wp","href":"https:\/\/api.w.org\/{rel}","templated":true}]}}