{"id":227,"date":"2022-03-20T20:37:29","date_gmt":"2022-03-20T23:37:29","guid":{"rendered":"http:\/\/pesquisa.ifg.edu.br\/astrobiologiatemainterdisciplinar\/?page_id=227"},"modified":"2022-03-20T20:38:26","modified_gmt":"2022-03-20T23:38:26","slug":"historia","status":"publish","type":"page","link":"https:\/\/pesquisa.ifg.edu.br\/astrobiologiatemainterdisciplinar\/disciplinas\/historia\/","title":{"rendered":"Hist\u00f3ria"},"content":{"rendered":"<p style=\"blank\">As grandes navega\u00e7\u00f5es tamb\u00e9m encontram paralelos com as viagens espaciais. A possibilidade de se conectar as duas coisas foi examinada por <a href=\"https:\/\/www.tandfonline.com\/doi\/abs\/10.1080\/00377990109604011\">Fritzer e Ploger<\/a>, embora os autores tenham focado primariamente no desejo de desbravar o desconhecido e as tecnologias de transporte nas duas \u00e9pocas, destacamos uma outra possibilidade de conex\u00e3o: a poss\u00edvel intera\u00e7\u00e3o entre diferentes esp\u00e9cies.<\/p>\n<p style=\"blank\">Ao longo da hist\u00f3ria, a coloniza\u00e7\u00e3o de territ\u00f3rios tem sido marcada pelas mais variadas formas de viol\u00eancia e explora\u00e7\u00e3o entre povos. Hoje, ainda nem superados os processos colonizat\u00f3rios em nosso planeta, falamos em colonizar outros mundos. Dentro do contexto da astrobiologia, o professor de hist\u00f3ria pode trabalhar como essa nova coloniza\u00e7\u00e3o espacial se assemelha ou se difere das coloniza\u00e7\u00f5es ocorridas entre povos em nosso planeta. No caso de eventualmente encontrarmos outras formas de vida em outros mundos, corremos o risco de repetirmos a hist\u00f3ria?<\/p>\n<p style=\"blank\">Obras de tem\u00e1tica espacial e fic\u00e7\u00e3o cient\u00edfica que abordem a rela\u00e7\u00e3o, muitas vezes hostil, entre diferentes esp\u00e9cies, como as s\u00e9ries <em>Star Trek<\/em> e o filme <em>Distrito 8<\/em>, podem servir como motivador para discuss\u00f5es sobre xenofobia e racismo e exemplos ao longo da hist\u00f3ria.<\/p>\n","protected":false},"excerpt":{"rendered":"<p>As grandes navega\u00e7\u00f5es tamb\u00e9m encontram paralelos com as viagens espaciais. A possibilidade de se conectar as duas coisas foi examinada por Fritzer e Ploger, embora os autores tenham focado primariamente no desejo de desbravar o desconhecido e as tecnologias de transporte nas duas \u00e9pocas, destacamos uma outra possibilidade de conex\u00e3o: a poss\u00edvel intera\u00e7\u00e3o entre diferentes [&hellip;]<\/p>\n","protected":false},"author":56,"featured_media":0,"parent":65,"menu_order":0,"comment_status":"closed","ping_status":"closed","template":"","meta":{"_monsterinsights_skip_tracking":false,"_monsterinsights_sitenote_active":false,"_monsterinsights_sitenote_note":"","_monsterinsights_sitenote_category":0,"footnotes":""},"class_list":["post-227","page","type-page","status-publish","hentry"],"_links":{"self":[{"href":"https:\/\/pesquisa.ifg.edu.br\/astrobiologiatemainterdisciplinar\/wp-json\/wp\/v2\/pages\/227"}],"collection":[{"href":"https:\/\/pesquisa.ifg.edu.br\/astrobiologiatemainterdisciplinar\/wp-json\/wp\/v2\/pages"}],"about":[{"href":"https:\/\/pesquisa.ifg.edu.br\/astrobiologiatemainterdisciplinar\/wp-json\/wp\/v2\/types\/page"}],"author":[{"embeddable":true,"href":"https:\/\/pesquisa.ifg.edu.br\/astrobiologiatemainterdisciplinar\/wp-json\/wp\/v2\/users\/56"}],"replies":[{"embeddable":true,"href":"https:\/\/pesquisa.ifg.edu.br\/astrobiologiatemainterdisciplinar\/wp-json\/wp\/v2\/comments?post=227"}],"version-history":[{"count":4,"href":"https:\/\/pesquisa.ifg.edu.br\/astrobiologiatemainterdisciplinar\/wp-json\/wp\/v2\/pages\/227\/revisions"}],"predecessor-version":[{"id":229,"href":"https:\/\/pesquisa.ifg.edu.br\/astrobiologiatemainterdisciplinar\/wp-json\/wp\/v2\/pages\/227\/revisions\/229"}],"up":[{"embeddable":true,"href":"https:\/\/pesquisa.ifg.edu.br\/astrobiologiatemainterdisciplinar\/wp-json\/wp\/v2\/pages\/65"}],"wp:attachment":[{"href":"https:\/\/pesquisa.ifg.edu.br\/astrobiologiatemainterdisciplinar\/wp-json\/wp\/v2\/media?parent=227"}],"curies":[{"name":"wp","href":"https:\/\/api.w.org\/{rel}","templated":true}]}}