{"id":160,"date":"2021-12-09T08:22:57","date_gmt":"2021-12-09T11:22:57","guid":{"rendered":"http:\/\/pesquisa.ifg.edu.br\/astrobiologiatemainterdisciplinar\/?page_id=160"},"modified":"2022-05-25T18:10:22","modified_gmt":"2022-05-25T21:10:22","slug":"sobre-o-projeto","status":"publish","type":"page","link":"https:\/\/pesquisa.ifg.edu.br\/astrobiologiatemainterdisciplinar\/sobre-o-projeto\/","title":{"rendered":"Sobre o Projeto"},"content":{"rendered":"<p class=\"\">Astrobiologia \u00e9 uma recente \u00e1rea interdisciplinar de tudo que envolve a vida no Universo. Abrange desde o estudo das condi\u00e7\u00f5es c\u00f3smicas e planet\u00e1rias para o surgimento da vida, passando por tecnologias que permitiriam que a vida terrestre deixasse o Terra at\u00e9 t\u00e9cnicas de detec\u00e7\u00e3o das mais variadas formas de vida ou f\u00f3sseis, na Terra ou em outros planetas. O projeto de pesquisa que descrevemos teve como objetivo principal explorar o potencial que o tema astrobiologia tem para direcionar propostas pedag\u00f3gicas multi ou interdisciplinares dentro do curso de biotecnologia, reconhecendo temas contempor\u00e2neos de pesquisa como potenciais motivadores para o interesse cient\u00edfico e sua relev\u00e2ncia de integra\u00e7\u00e3o com o curso.<\/p>\n<p class=\"\">A primeira etapa envolveu leituras para conhecer mais o tema. Recomendamos a quem estiver interessado o <a href=\"https:\/\/portal.if.usp.br\/imprensa\/pt-br\/node\/1749\">e-book gratuito<\/a>\u00a0elaborado por pesquisadores do N\u00facleo de Pesquisa em Astrobiologia do Instituto Astron\u00f4mico e Geof\u00edsico da USP. Lemos tamb\u00e9m outros artigos, como os Roadmaps da NASA e da ESA, que orientam as pesquisas no tema desses dois \u00f3rg\u00e3os.<\/p>\n<p class=\"\">Na segunda etapa do projeto estudamos as ementas das disciplinas do curso de Biotecnologia buscando ali maneiras de integrar a Astrobiologia a cada disciplina. Depois de cada an\u00e1lise preliminar, convidamos professores que ministram aquela disciplina para uma entrevista para ouvir deles sugest\u00f5es e outras ideias que deixamos de fora. O resultado dessas conversas com como a Astrobiologia pode contribuir para\u00a0o ensino de cada disciplina\u00a0\u00e9 o que voc\u00eas v\u00e3o encontrar aqui.<\/p>\n<p class=\"\">Se quiser, voc\u00ea pode baixar o arquivo completo do projeto de pesquisa cadastrado no IFG. <a href=\"http:\/\/pesquisa.ifg.edu.br\/astrobiologiatemainterdisciplinar\/wp-content\/uploads\/sites\/19\/2021\/12\/Projeto-de-Pesquisa-Astrobiologia.pdf\">Projeto de Pesquisa &#8211; Astrobiologia<\/a><\/p>\n<p class=\"\">O projeto contou com o apoio CNPq, fonte financiadora da bolsa PIBIC-EM que Geovana foi contemplada atrav\u00e9s do Edital no. 10\/2020 PROPPG, de 23 de Setembro de 2020.<\/p>\n<h2>Quem Somos<\/h2>\n<p class=\"\"><img decoding=\"async\" src=\"http:\/\/pesquisa.ifg.edu.br\/astrobiologiatemainterdisciplinar\/wp-content\/uploads\/sites\/19\/2021\/12\/P_20171121_161901.jpg\" alt=\"Daniel\" width=\"150\" align=\"left\" \/><strong>Daniel Ordine Vieira Lopes &#8211;<\/strong> Professor de F\u00edsica no c\u00e2mpus Formosa, atua principalmente nos cursos t\u00e9cnicos integrados ao m\u00e9dio e engenharia. Mais sobre mim e meus outros projetos em minha <a href=\"http:\/\/docentes.ifg.edu.br\/danielordine\/\" target=\"_blank\" rel=\"noopener\">P\u00c1GINA PESSOAL<\/a>.<\/p>\n<p class=\"\" style=\"clear: both\">\n<img decoding=\"async\" src=\"http:\/\/pesquisa.ifg.edu.br\/astrobiologiatemainterdisciplinar\/wp-content\/uploads\/sites\/19\/2021\/12\/Captura-de-tela-2022-04-20-172626.jpg\" alt=\"Captura de tela 2022-04-20 172626\" width=\"150\" align=\"left\" \/><strong>Geovana Miranda Almeida Sant&#8217;Ana &#8211;<\/strong> Aluna do Curso T\u00e9cnico em Biotecnologia do IFG C\u00e2mpus Formosa de 2020 a 2022. Participante de dois PIBICs e seus consequentes projetos com os respectivos temas: \u201cAstrobiologia \u2013 Propostas interdisciplinares no curso t\u00e9cnico de Biotecnologia\u201d e \u201cF\u00edsica em Filmes e S\u00e9ries\u201d.<\/p>\n<p class=\"\" style=\"clear: both\">\n<img decoding=\"async\" src=\"http:\/\/pesquisa.ifg.edu.br\/astrobiologiatemainterdisciplinar\/wp-content\/uploads\/sites\/19\/2021\/12\/214112297_218498696803422_4602644456342295064_n.jpg\" alt=\"214112297_218498696803422_4602644456342295064_n\" width=\"150\" align=\"left\"><strong>Lemuel da Cruz Gandara &#8211;<\/strong> Professor de l\u00edngua portuguesa.<\/p>\n<h2>\nAgradecimentos<\/h2>\n<p>Agradecemos \u00e0s professoras e professores que participaram das entrevistas e possibilitaram a realiza\u00e7\u00e3o deste site, contribuindo com ideias e sugest\u00f5es de como integrar a Astrobiologia em suas disciplinas:<br \/>\nDiego Alves Rodrigues<br \/>\nTha\u00eds Amaral e Sousa<br \/>\nErick Guimar\u00e3es Fran\u00e7a<br \/>\nMarcos Augusto Schliewe<br \/>\nFabiano Paiva Vieira<br \/>\nPatr\u00edcia de Castilhos<br \/>\nLu\u00eds Cl\u00e1udio Rocha Henriques de Moura<br \/>\nHans Magno Alves Ramos<br \/>\nHa\u00edssa Melo de Lima Gunther<br \/>\nEdson Rodrigo Borges<br \/>\nRosa Barros Tossini<br \/>\nOberdan Quintino de Ata\u00eddes<br \/>\nVen\u00edcius Juv\u00eancio de Miranda Mendes<br \/>\nRog\u00e9rio Ferreira Xavier<br \/>\nCl\u00f3vis Henrique Leite de Souza<br \/>\nLorena Lana Camelo Antunes.<\/p>\n","protected":false},"excerpt":{"rendered":"<p>Astrobiologia \u00e9 uma recente \u00e1rea interdisciplinar de tudo que envolve a vida no Universo. Abrange desde o estudo das condi\u00e7\u00f5es c\u00f3smicas e planet\u00e1rias para o surgimento da vida, passando por tecnologias que permitiriam que a vida terrestre deixasse o Terra at\u00e9 t\u00e9cnicas de detec\u00e7\u00e3o das mais variadas formas de vida ou f\u00f3sseis, na Terra ou [&hellip;]<\/p>\n","protected":false},"author":56,"featured_media":0,"parent":0,"menu_order":0,"comment_status":"closed","ping_status":"closed","template":"","meta":{"_monsterinsights_skip_tracking":false,"_monsterinsights_sitenote_active":false,"_monsterinsights_sitenote_note":"","_monsterinsights_sitenote_category":0,"footnotes":""},"class_list":["post-160","page","type-page","status-publish","hentry"],"_links":{"self":[{"href":"https:\/\/pesquisa.ifg.edu.br\/astrobiologiatemainterdisciplinar\/wp-json\/wp\/v2\/pages\/160"}],"collection":[{"href":"https:\/\/pesquisa.ifg.edu.br\/astrobiologiatemainterdisciplinar\/wp-json\/wp\/v2\/pages"}],"about":[{"href":"https:\/\/pesquisa.ifg.edu.br\/astrobiologiatemainterdisciplinar\/wp-json\/wp\/v2\/types\/page"}],"author":[{"embeddable":true,"href":"https:\/\/pesquisa.ifg.edu.br\/astrobiologiatemainterdisciplinar\/wp-json\/wp\/v2\/users\/56"}],"replies":[{"embeddable":true,"href":"https:\/\/pesquisa.ifg.edu.br\/astrobiologiatemainterdisciplinar\/wp-json\/wp\/v2\/comments?post=160"}],"version-history":[{"count":28,"href":"https:\/\/pesquisa.ifg.edu.br\/astrobiologiatemainterdisciplinar\/wp-json\/wp\/v2\/pages\/160\/revisions"}],"predecessor-version":[{"id":309,"href":"https:\/\/pesquisa.ifg.edu.br\/astrobiologiatemainterdisciplinar\/wp-json\/wp\/v2\/pages\/160\/revisions\/309"}],"wp:attachment":[{"href":"https:\/\/pesquisa.ifg.edu.br\/astrobiologiatemainterdisciplinar\/wp-json\/wp\/v2\/media?parent=160"}],"curies":[{"name":"wp","href":"https:\/\/api.w.org\/{rel}","templated":true}]}}