{"id":134,"date":"2021-12-01T19:29:03","date_gmt":"2021-12-01T22:29:03","guid":{"rendered":"http:\/\/pesquisa.ifg.edu.br\/astrobiologiatemainterdisciplinar\/?page_id=134"},"modified":"2021-12-09T17:40:26","modified_gmt":"2021-12-09T20:40:26","slug":"fisica","status":"publish","type":"page","link":"https:\/\/pesquisa.ifg.edu.br\/astrobiologiatemainterdisciplinar\/disciplinas\/fisica\/","title":{"rendered":"F\u00edsica"},"content":{"rendered":"<p class=\"\">O primeiro ano de F\u00edsica no ensino m\u00e9dio lida com cinem\u00e1tica e mec\u00e2nica de maneira geral, e naturalmente diversas s\u00e3o as possibilidades de incorpora\u00e7\u00e3o da Astrobiologia. Todo o contexto das viagens espaciais dialoga diretamente com a disciplina (tempos de viagem, for\u00e7as gravitacionais, consumo energ\u00e9tico). O entendimento dos movimentos nos sistemas planet\u00e1rios e a forma\u00e7\u00e3o desses sistemas tamb\u00e9m se encaixa bem na disciplina.<\/p>\n<p class=\"\">O conte\u00fado disciplinar de mec\u00e2nica de fluidos (hidrost\u00e1tica e hidrodin\u00e2mica) \u00e9 fundamental na compreens\u00e3o da rela\u00e7\u00e3o da vida no planeta. Por exemplo, refletir sobre o papel da press\u00e3o hidrost\u00e1tica da \u00e1gua na vida marinha, o papel da press\u00e3o atmosf\u00e9rica na exist\u00eancia de \u00e1gua l\u00edquida, subst\u00e2ncia b\u00e1sica para a vida que at\u00e9 o momento conhecemos. Tamb\u00e9m quest\u00f5es relacionadas \u00e0 fisiologia animal e vegetal (por exemplo, o fluxo de nutrientes atrav\u00e9s das plantas, a aerodin\u00e2mica de algumas sementes, a estrutura dos animais voadores, etc), podendo-se imaginar como seriam formas e estruturas de animais complexos em planetas diferentes.<\/p>\n<p class=\"\">Ao discutir os conte\u00fados de \u00f3ptica podemos trabalhar o funcionamento de telesc\u00f3pios e de sondas espaciais. Entender as propriedades da luz, fen\u00f4menos como a refra\u00e7\u00e3o provocada pela atmosfera de um planeta, tamb\u00e9m s\u00e3o fundamentais para o entendimento de t\u00e9cnicas de detec\u00e7\u00e3o de exoplanetas. Al\u00e9m disso, tamb\u00e9m \u00e9 interessante usar linhas da astrobiologia ao discutir formas de emiss\u00e3o e absor\u00e7\u00e3o da luz, seja pelas linhas espectrais de emiss\u00e3o e absor\u00e7\u00e3o de elementos e subst\u00e2ncias espec\u00edficas, usadas na identifica\u00e7\u00e3o da composi\u00e7\u00e3o qu\u00edmica de astros, seja pela distribui\u00e7\u00e3o de Maxwell-Boltzmann usadas para identificar a temperatura de estrelas e portanto descobrir por exemplo a zona habit\u00e1vel (a regi\u00e3o que recebe energia estelar suficiente para permitir \u00e1gua em estado l\u00edquido) ao redor daquela estrela.<\/p>\n<p class=\"\">O estudo de ondas pode ser utilizado no contexto de se trabalhar as diferentes frequ\u00eancias de comunica\u00e7\u00e3o entre a Terra e sondas ou naves espaciais, ondas mec\u00e2nicas podem ser usadas para compreender a estrutura interna de planetas a partir de ondas s\u00edsmicas ou, numa abordagem biol\u00f3gica, estudar como diferentes organismos podem utilizar ondas mec\u00e2nicas, em l\u00edquidos ou gases, para comunica\u00e7\u00e3o ou localiza\u00e7\u00e3o.<\/p>\n<p class=\"\">Outro aspecto fundamental para a sobreviv\u00eancia biol\u00f3gica de um ponto de vista astrof\u00edsico \u00e9 compreender a import\u00e2ncia dos campos magn\u00e9ticos para proteger organismos de radia\u00e7\u00f5es ionizantes das estrelas ou de outros astros. Entender o processo de troca de cargas entre a atmosfera e a superf\u00edcie de um planeta como a Terra na forma\u00e7\u00e3o de tempestades \u00e9 tamb\u00e9m elemento interessante de conectar com teorias de surgimento da vida a partir de descargas el\u00e9tricas.<\/p>\n","protected":false},"excerpt":{"rendered":"<p>O primeiro ano de F\u00edsica no ensino m\u00e9dio lida com cinem\u00e1tica e mec\u00e2nica de maneira geral, e naturalmente diversas s\u00e3o as possibilidades de incorpora\u00e7\u00e3o da Astrobiologia. Todo o contexto das viagens espaciais dialoga diretamente com a disciplina (tempos de viagem, for\u00e7as gravitacionais, consumo energ\u00e9tico). O entendimento dos movimentos nos sistemas planet\u00e1rios e a forma\u00e7\u00e3o desses [&hellip;]<\/p>\n","protected":false},"author":56,"featured_media":0,"parent":65,"menu_order":0,"comment_status":"closed","ping_status":"closed","template":"","meta":{"_monsterinsights_skip_tracking":false,"_monsterinsights_sitenote_active":false,"_monsterinsights_sitenote_note":"","_monsterinsights_sitenote_category":0,"footnotes":""},"class_list":["post-134","page","type-page","status-publish","hentry"],"_links":{"self":[{"href":"https:\/\/pesquisa.ifg.edu.br\/astrobiologiatemainterdisciplinar\/wp-json\/wp\/v2\/pages\/134"}],"collection":[{"href":"https:\/\/pesquisa.ifg.edu.br\/astrobiologiatemainterdisciplinar\/wp-json\/wp\/v2\/pages"}],"about":[{"href":"https:\/\/pesquisa.ifg.edu.br\/astrobiologiatemainterdisciplinar\/wp-json\/wp\/v2\/types\/page"}],"author":[{"embeddable":true,"href":"https:\/\/pesquisa.ifg.edu.br\/astrobiologiatemainterdisciplinar\/wp-json\/wp\/v2\/users\/56"}],"replies":[{"embeddable":true,"href":"https:\/\/pesquisa.ifg.edu.br\/astrobiologiatemainterdisciplinar\/wp-json\/wp\/v2\/comments?post=134"}],"version-history":[{"count":3,"href":"https:\/\/pesquisa.ifg.edu.br\/astrobiologiatemainterdisciplinar\/wp-json\/wp\/v2\/pages\/134\/revisions"}],"predecessor-version":[{"id":183,"href":"https:\/\/pesquisa.ifg.edu.br\/astrobiologiatemainterdisciplinar\/wp-json\/wp\/v2\/pages\/134\/revisions\/183"}],"up":[{"embeddable":true,"href":"https:\/\/pesquisa.ifg.edu.br\/astrobiologiatemainterdisciplinar\/wp-json\/wp\/v2\/pages\/65"}],"wp:attachment":[{"href":"https:\/\/pesquisa.ifg.edu.br\/astrobiologiatemainterdisciplinar\/wp-json\/wp\/v2\/media?parent=134"}],"curies":[{"name":"wp","href":"https:\/\/api.w.org\/{rel}","templated":true}]}}