{"id":128,"date":"2021-12-01T19:20:44","date_gmt":"2021-12-01T22:20:44","guid":{"rendered":"http:\/\/pesquisa.ifg.edu.br\/astrobiologiatemainterdisciplinar\/?page_id=128"},"modified":"2021-12-01T19:27:06","modified_gmt":"2021-12-01T22:27:06","slug":"geografia","status":"publish","type":"page","link":"https:\/\/pesquisa.ifg.edu.br\/astrobiologiatemainterdisciplinar\/disciplinas\/geografia\/","title":{"rendered":"Geografia"},"content":{"rendered":"<p>O processo de forma\u00e7\u00e3o de nosso planeta e nosso sistema solar desperta automaticamente a pergunta da generalidade desses processos. Qu\u00e3o comum no universo s\u00e3o planetas rochosos como Terra, V\u00eanus ou Marte? Ou estrelas como o Sol? Que propriedades geogr\u00e1ficas, como rios, oceanos, cadeias de montanhas, vulc\u00f5es, etc., s\u00e3o encontradas em outros planetas? Se n\u00e3o s\u00e3o encontradas, por que n\u00e3o?<\/p>\n<p class=\"\">\n<p>\u00c9 interessante tamb\u00e9m explorar como a biosfera \u00e9 uma rela\u00e7\u00e3o dual entre vida e mat\u00e9ria inanimada. Como a vida \u00e9 capaz de alterar a composi\u00e7\u00e3o qu\u00edmica da biosfera? Por quais tipos de mudan\u00e7as a Terra j\u00e1 passou? E o que sabemos sobre outros planetas? Ser\u00e1 que poder\u00edamos induzir transforma\u00e7\u00f5es semelhantes em outros planetas?<\/p>\n<p class=\"\">\n<p>Adiciona-se ainda o balan\u00e7o energ\u00e9tico planet\u00e1rio (que pode dialogar tamb\u00e9m com f\u00edsica) e a import\u00e2ncia do Sol na din\u00e2mica planet\u00e1ria, e a import\u00e2ncia do campo magn\u00e9tico da Terra, que favorece a exist\u00eancia da Vida.<\/p>\n<p class=\"\">\n<p>\u00c9 comum escutar um discurso de coloniza\u00e7\u00e3o que afirma que a din\u00e2mica demogr\u00e1fica exige explorar recursos naturais de outros planetas e a tentativa de contornar o alto custo (como feito na pr\u00f3pria Terra) para explorar jazidas consideradas invi\u00e1veis no passado, tudo para sustentar os n\u00edveis atuais de consumo (argumento \u2018v\u00e1lido\u2019 dentro da perspectiva do Malthusianismo &#8211; https:\/\/mundoeducacao.uol.com.br\/geografia\/teoria-malthusiana.htm). A an\u00e1lise desse discurso dentro de uma perspectiva de limites da explora\u00e7\u00e3o espacial ou do que significa \u201cexplorar recursos\u201d pode ser bastante rica. Nesse contexto pode-se incluir ainda discuss\u00f5es sobre pegada ecol\u00f3gica e outras m\u00e9tricas que tentam quantificar impactos ambientais.<\/p>\n<p class=\"\">\n<p>No contexto dessas viagens de coloniza\u00e7\u00e3o para outros planetas, vale refletir sobre quem teria acesso a essas viagens. Como essas pessoas poderiam ser selecionadas? Poderia ocorrer uma segrega\u00e7\u00e3o s\u00f3cio-espacial interplanet\u00e1ria? Ocorreriam migra\u00e7\u00f5es no outro planeta? Pessoas sairiam da Terra para se mudarem para o outro planeta, onde as condi\u00e7\u00f5es de vida poderiam ser melhores? Na Terra h\u00e1 uma din\u00e2mica pr\u00f3pria campo-cidade. Como seria a din\u00e2mica Terra-planeta colonizado?<\/p>\n<p class=\"\">\n<p>H\u00e1 locais que s\u00e3o estrat\u00e9gicos para o lan\u00e7amento de sat\u00e9lites e foguetes, existindo as inten\u00e7\u00f5es de economizar combust\u00edvel, mas tamb\u00e9m podem ser ou s\u00e3o usados para pressionar outros pa\u00edses politicamente. Tamb\u00e9m\u00a0podemos trazer discuss\u00f5es sobre sat\u00e9lites e lixo espacial que eventualmente cai em vilas. Quem \u00e9 o respons\u00e1vel pelos danos causados? O que pode ser feito com o material? Numa discuss\u00e3o geopol\u00edtica vale analisar a import\u00e2ncia de blocos econ\u00f4micos na explora\u00e7\u00e3o espacial e discuss\u00f5es sobre a nova corrida espacial, protagonizada por pa\u00edses emergentes, e o conceito de <em>soft power<\/em> exemplificado pelos avan\u00e7os na engenharia aeroespacial.<\/p>\n<p class=\"\">\n<p>Finalmente, ao se discutir quest\u00f5es regionais pode-se com a turma investigar sobre a pesquisa cient\u00edfica feita na regi\u00e3o. H\u00e1 algum observat\u00f3rio astron\u00f4mico? Existem grupos de pesquisa explorando o passado geol\u00f3gico da regi\u00e3o? Se conhece alguma cratera de impacto nas proximidades?<\/p>\n<p class=\"\">\n<h2>Materiais Complementares<\/h2>\n<ul>\n<li><span style=\"font-weight: 400\">Sobre atividades regionais, interessante destacar o Glitter Festival &#8211;<\/span><a href=\"https:\/\/www.curtamais.com.br\/goiania\/glitter-festival-maior-evento-de-astronomia-de-goias-acontece-de-junho-a-setembro\"><span style=\"font-weight: 400\">https:\/\/www.curtamais.com.br\/goiania\/glitter-festival-maior-evento-de-astronomia-de-goias-acontece-de-junho-a-setembro<\/span><\/a><span style=\"font-weight: 400\"> ,<\/span><\/li>\n<li>Sobre eventos astron\u00f4micos recentes que afetaram diretamente a superf\u00edcie da Terra:\u00a0<a href=\"https:\/\/www.bbc.com\/portuguese\/brasil-46269719\"><span style=\"font-weight: 400\">https:\/\/www.bbc.com\/portuguese\/brasil-46269719<\/span><\/a><span style=\"font-weight: 400\">\u00a0<\/span><span style=\"font-weight: 400\"><br \/>\n<\/span><\/li>\n<li><span style=\"font-weight: 400\">Livro: \u201cDecifrando a Terra\u201d (sobre o livro\u00a0<\/span><a href=\"https:\/\/youtu.be\/FKqFLBc14aQ\"><span style=\"font-weight: 400\">https:\/\/youtu.be\/FKqFLBc14aQ<\/span><\/a><span style=\"font-weight: 400\"> ) para falar sobre meteoritos e sua import\u00e2ncia na\u00a0 infer\u00eancia sobre os materiais encontrados no interior da Terra;<\/span><\/li>\n<li><span style=\"font-weight: 400\">Livro: A Terceira Onda, de Alvin Toffler, ensaio sobre o futuro;<\/span><span style=\"font-weight: 400\"><br \/>\n<\/span><\/li>\n<li><span style=\"font-weight: 400\">Livro: \u201cPor uma outra globaliza\u00e7\u00e3o\u201d de Milton Santos, para relacionar com os conte\u00fados do terceiro ano sobre globaliza\u00e7\u00e3o e a quest\u00e3o ambiental.<\/span><\/li>\n<\/ul>\n","protected":false},"excerpt":{"rendered":"<p>O processo de forma\u00e7\u00e3o de nosso planeta e nosso sistema solar desperta automaticamente a pergunta da generalidade desses processos. Qu\u00e3o comum no universo s\u00e3o planetas rochosos como Terra, V\u00eanus ou Marte? Ou estrelas como o Sol? Que propriedades geogr\u00e1ficas, como rios, oceanos, cadeias de montanhas, vulc\u00f5es, etc., s\u00e3o encontradas em outros planetas? Se n\u00e3o s\u00e3o [&hellip;]<\/p>\n","protected":false},"author":56,"featured_media":0,"parent":65,"menu_order":0,"comment_status":"closed","ping_status":"closed","template":"","meta":{"_monsterinsights_skip_tracking":false,"_monsterinsights_sitenote_active":false,"_monsterinsights_sitenote_note":"","_monsterinsights_sitenote_category":0,"footnotes":""},"class_list":["post-128","page","type-page","status-publish","hentry"],"_links":{"self":[{"href":"https:\/\/pesquisa.ifg.edu.br\/astrobiologiatemainterdisciplinar\/wp-json\/wp\/v2\/pages\/128"}],"collection":[{"href":"https:\/\/pesquisa.ifg.edu.br\/astrobiologiatemainterdisciplinar\/wp-json\/wp\/v2\/pages"}],"about":[{"href":"https:\/\/pesquisa.ifg.edu.br\/astrobiologiatemainterdisciplinar\/wp-json\/wp\/v2\/types\/page"}],"author":[{"embeddable":true,"href":"https:\/\/pesquisa.ifg.edu.br\/astrobiologiatemainterdisciplinar\/wp-json\/wp\/v2\/users\/56"}],"replies":[{"embeddable":true,"href":"https:\/\/pesquisa.ifg.edu.br\/astrobiologiatemainterdisciplinar\/wp-json\/wp\/v2\/comments?post=128"}],"version-history":[{"count":4,"href":"https:\/\/pesquisa.ifg.edu.br\/astrobiologiatemainterdisciplinar\/wp-json\/wp\/v2\/pages\/128\/revisions"}],"predecessor-version":[{"id":133,"href":"https:\/\/pesquisa.ifg.edu.br\/astrobiologiatemainterdisciplinar\/wp-json\/wp\/v2\/pages\/128\/revisions\/133"}],"up":[{"embeddable":true,"href":"https:\/\/pesquisa.ifg.edu.br\/astrobiologiatemainterdisciplinar\/wp-json\/wp\/v2\/pages\/65"}],"wp:attachment":[{"href":"https:\/\/pesquisa.ifg.edu.br\/astrobiologiatemainterdisciplinar\/wp-json\/wp\/v2\/media?parent=128"}],"curies":[{"name":"wp","href":"https:\/\/api.w.org\/{rel}","templated":true}]}}