{"id":104,"date":"2021-12-01T17:20:18","date_gmt":"2021-12-01T20:20:18","guid":{"rendered":"http:\/\/pesquisa.ifg.edu.br\/astrobiologiatemainterdisciplinar\/?page_id=104"},"modified":"2021-12-01T17:24:00","modified_gmt":"2021-12-01T20:24:00","slug":"metodos-de-extracao-separacao-e-purificacao-de-bioprodutos","status":"publish","type":"page","link":"https:\/\/pesquisa.ifg.edu.br\/astrobiologiatemainterdisciplinar\/disciplinas\/metodos-de-extracao-separacao-e-purificacao-de-bioprodutos\/","title":{"rendered":"M\u00e9todos de Extra\u00e7\u00e3o, Separa\u00e7\u00e3o e Purifica\u00e7\u00e3o de Bioprodutos"},"content":{"rendered":"<p><span style=\"font-weight: 400\">A disciplina, bastante te\u00f3rica, trata de diferentes t\u00e9cnicas de extra\u00e7\u00e3o, separa\u00e7\u00e3o e purifica\u00e7\u00e3o, como extra\u00e7\u00e3o com membranas, arraste por vapor de \u00e1gua, ultrassom, agita\u00e7\u00e3o mec\u00e2nica, entre diversas outras. De maneira geral, pode ser interessante ao aluno conhecer situa\u00e7\u00f5es reais em que essas t\u00e9cnicas s\u00e3o empregadas, al\u00e9m da ind\u00fastria qu\u00edmica e bioqu\u00edmica.\u00a0<\/span><\/p>\n<p class=\"\">\n<p><span style=\"font-weight: 400\">Uma conex\u00e3o com a astrobiologia seria o estudo de meteoritos. Nosso planeta \u00e9 constantemente bombardeado por material s\u00f3lido de diferentes tamanhos e origens no Sistema Solar. Parte desse material chega \u00e0 superf\u00edcie da Terra, recebendo o nome de meteoritos,\u00a0 e oferecem uma \u00f3tima oportunidade de estudo da qu\u00edmica de nossa vizinhan\u00e7a astron\u00f4mica, inclusive para a detec\u00e7\u00e3o dos blocos b\u00e1sicos da vida, que podem a ter originado at\u00e9 mesmo aqui mesmo na Terra.<\/span><\/p>\n<p class=\"\">\n<p><span style=\"font-weight: 400\">O artigo abaixo cobre diversas formas de an\u00e1lise de meteoritos:\u00a0<\/span><a href=\"https:\/\/www.ncbi.nlm.nih.gov\/pmc\/articles\/PMC6617175\/\"><span style=\"font-weight: 400\">https:\/\/www.ncbi.nlm.nih.gov\/pmc\/articles\/PMC6617175\/<\/span><\/a><\/p>\n<p class=\"\">\n<p><span style=\"font-weight: 400\">No contexto da explora\u00e7\u00e3o espacial para fins econ\u00f4micos, pode se discutir processos de extra\u00e7\u00e3o e separa\u00e7\u00e3o de min\u00e9rios em aster\u00f3ides, como o descrito aqui:\u00a0<\/span><a href=\"http:\/\/theleadsouthaustralia.com.au\/industries\/space\/asteroid-mineral-extraction-method\/\"><span style=\"font-weight: 400\">http:\/\/theleadsouthaustralia.com.au\/industries\/space\/asteroid-mineral-extraction-method\/<\/span><\/a><\/p>\n<p class=\"\">\n<p><span style=\"font-weight: 400\">Ainda, pode-se simular com os estudantes uma situa\u00e7\u00e3o hipot\u00e9tica de coleta de material no solo de um planeta que se queira encontrar sinais de vida. Que tipo de diferen\u00e7as o experimento teria de uma an\u00e1lise semelhante aqui na Terra?<\/span><\/p>\n","protected":false},"excerpt":{"rendered":"<p>A disciplina, bastante te\u00f3rica, trata de diferentes t\u00e9cnicas de extra\u00e7\u00e3o, separa\u00e7\u00e3o e purifica\u00e7\u00e3o, como extra\u00e7\u00e3o com membranas, arraste por vapor de \u00e1gua, ultrassom, agita\u00e7\u00e3o mec\u00e2nica, entre diversas outras. De maneira geral, pode ser interessante ao aluno conhecer situa\u00e7\u00f5es reais em que essas t\u00e9cnicas s\u00e3o empregadas, al\u00e9m da ind\u00fastria qu\u00edmica e bioqu\u00edmica.\u00a0 Uma conex\u00e3o com a [&hellip;]<\/p>\n","protected":false},"author":56,"featured_media":0,"parent":65,"menu_order":0,"comment_status":"closed","ping_status":"closed","template":"","meta":{"_monsterinsights_skip_tracking":false,"_monsterinsights_sitenote_active":false,"_monsterinsights_sitenote_note":"","_monsterinsights_sitenote_category":0,"footnotes":""},"class_list":["post-104","page","type-page","status-publish","hentry"],"_links":{"self":[{"href":"https:\/\/pesquisa.ifg.edu.br\/astrobiologiatemainterdisciplinar\/wp-json\/wp\/v2\/pages\/104"}],"collection":[{"href":"https:\/\/pesquisa.ifg.edu.br\/astrobiologiatemainterdisciplinar\/wp-json\/wp\/v2\/pages"}],"about":[{"href":"https:\/\/pesquisa.ifg.edu.br\/astrobiologiatemainterdisciplinar\/wp-json\/wp\/v2\/types\/page"}],"author":[{"embeddable":true,"href":"https:\/\/pesquisa.ifg.edu.br\/astrobiologiatemainterdisciplinar\/wp-json\/wp\/v2\/users\/56"}],"replies":[{"embeddable":true,"href":"https:\/\/pesquisa.ifg.edu.br\/astrobiologiatemainterdisciplinar\/wp-json\/wp\/v2\/comments?post=104"}],"version-history":[{"count":2,"href":"https:\/\/pesquisa.ifg.edu.br\/astrobiologiatemainterdisciplinar\/wp-json\/wp\/v2\/pages\/104\/revisions"}],"predecessor-version":[{"id":106,"href":"https:\/\/pesquisa.ifg.edu.br\/astrobiologiatemainterdisciplinar\/wp-json\/wp\/v2\/pages\/104\/revisions\/106"}],"up":[{"embeddable":true,"href":"https:\/\/pesquisa.ifg.edu.br\/astrobiologiatemainterdisciplinar\/wp-json\/wp\/v2\/pages\/65"}],"wp:attachment":[{"href":"https:\/\/pesquisa.ifg.edu.br\/astrobiologiatemainterdisciplinar\/wp-json\/wp\/v2\/media?parent=104"}],"curies":[{"name":"wp","href":"https:\/\/api.w.org\/{rel}","templated":true}]}}