{"id":102,"date":"2021-12-01T17:19:13","date_gmt":"2021-12-01T20:19:13","guid":{"rendered":"http:\/\/pesquisa.ifg.edu.br\/astrobiologiatemainterdisciplinar\/?page_id=102"},"modified":"2022-05-03T05:19:51","modified_gmt":"2022-05-03T08:19:51","slug":"fisiologia-e-biotecnologia-vegetal","status":"publish","type":"page","link":"https:\/\/pesquisa.ifg.edu.br\/astrobiologiatemainterdisciplinar\/disciplinas\/fisiologia-e-biotecnologia-vegetal\/","title":{"rendered":"Fisiologia e Biotecnologia Vegetal"},"content":{"rendered":"<p class=\"\">Um processo sempre ressaltado na disciplina de Fisiologia Vegetal \u00e9 a import\u00e2ncia da fotoss\u00edntese para as formas de vida que atualmente prosperam na Terra. Pode-se, no entanto, fazer conex\u00f5es muito mais amplas: al\u00e9m de explorar a fotoss\u00edntese e a bioqu\u00edmica, deve-se destacar que os per\u00edodos de flora\u00e7\u00e3o e frutifica\u00e7\u00e3o das esp\u00e9cies est\u00e3o associados \u00e0 quantidade e qualidade da luz solar, que por sua vez, relaciona-se com o ciclos di\u00e1rios de rota\u00e7\u00e3o da Terra e anuais, que geram as esta\u00e7\u00f5es.<\/p>\n<p class=\"\">Outro quest\u00e3o que tamb\u00e9m pode ser levantada, tem rela\u00e7\u00e3o com a explora\u00e7\u00e3o espacial. Ao levantar hip\u00f3teses sobre as possibilidades de coloniza\u00e7\u00e3o de outros planetas, deve-se levar em considera\u00e7\u00e3o como ser\u00e1 feita a nutri\u00e7\u00e3o daqueles que far\u00e3o a viagem. Poderia-se pensar em vegetais geneticamente modificados (para a seca, por exemplo), que resistiriam \u00e0s condi\u00e7\u00f5es de outros planetas ou sat\u00e9lites, mas tamb\u00e9m seria necess\u00e1rio um amplo suporte de outras \u00e1reas da ci\u00eancias naturais e humanas, analisando as poss\u00edveis consequ\u00eancias, positivas e negativas, da a\u00e7\u00e3o humana para o ambiente deste planeta.<\/p>\n","protected":false},"excerpt":{"rendered":"<p>Um processo sempre ressaltado na disciplina de Fisiologia Vegetal \u00e9 a import\u00e2ncia da fotoss\u00edntese para as formas de vida que atualmente prosperam na Terra. Pode-se, no entanto, fazer conex\u00f5es muito mais amplas: al\u00e9m de explorar a fotoss\u00edntese e a bioqu\u00edmica, deve-se destacar que os per\u00edodos de flora\u00e7\u00e3o e frutifica\u00e7\u00e3o das esp\u00e9cies est\u00e3o associados \u00e0 quantidade [&hellip;]<\/p>\n","protected":false},"author":56,"featured_media":0,"parent":65,"menu_order":0,"comment_status":"closed","ping_status":"closed","template":"","meta":{"_monsterinsights_skip_tracking":false,"_monsterinsights_sitenote_active":false,"_monsterinsights_sitenote_note":"","_monsterinsights_sitenote_category":0,"footnotes":""},"class_list":["post-102","page","type-page","status-publish","hentry"],"_links":{"self":[{"href":"https:\/\/pesquisa.ifg.edu.br\/astrobiologiatemainterdisciplinar\/wp-json\/wp\/v2\/pages\/102"}],"collection":[{"href":"https:\/\/pesquisa.ifg.edu.br\/astrobiologiatemainterdisciplinar\/wp-json\/wp\/v2\/pages"}],"about":[{"href":"https:\/\/pesquisa.ifg.edu.br\/astrobiologiatemainterdisciplinar\/wp-json\/wp\/v2\/types\/page"}],"author":[{"embeddable":true,"href":"https:\/\/pesquisa.ifg.edu.br\/astrobiologiatemainterdisciplinar\/wp-json\/wp\/v2\/users\/56"}],"replies":[{"embeddable":true,"href":"https:\/\/pesquisa.ifg.edu.br\/astrobiologiatemainterdisciplinar\/wp-json\/wp\/v2\/comments?post=102"}],"version-history":[{"count":4,"href":"https:\/\/pesquisa.ifg.edu.br\/astrobiologiatemainterdisciplinar\/wp-json\/wp\/v2\/pages\/102\/revisions"}],"predecessor-version":[{"id":291,"href":"https:\/\/pesquisa.ifg.edu.br\/astrobiologiatemainterdisciplinar\/wp-json\/wp\/v2\/pages\/102\/revisions\/291"}],"up":[{"embeddable":true,"href":"https:\/\/pesquisa.ifg.edu.br\/astrobiologiatemainterdisciplinar\/wp-json\/wp\/v2\/pages\/65"}],"wp:attachment":[{"href":"https:\/\/pesquisa.ifg.edu.br\/astrobiologiatemainterdisciplinar\/wp-json\/wp\/v2\/media?parent=102"}],"curies":[{"name":"wp","href":"https:\/\/api.w.org\/{rel}","templated":true}]}}